{"id":1738,"date":"2023-05-08T15:45:55","date_gmt":"2023-05-08T15:45:55","guid":{"rendered":"https:\/\/roxs.at\/agb\/"},"modified":"2025-06-29T09:45:52","modified_gmt":"2025-06-29T09:45:52","slug":"agb","status":"publish","type":"page","link":"https:\/\/roxs.at\/en\/agb\/","title":{"rendered":"General Terms and Conditions &amp; Cancellation Policy"},"content":{"rendered":"<div data-elementor-type=\"wp-page\" data-elementor-id=\"1738\" class=\"elementor elementor-1738\">\n\t\t\t\t\t\t<section class=\"elementor-section elementor-top-section elementor-element elementor-element-7984782 elementor-section-boxed elementor-section-height-default elementor-section-height-default\" data-id=\"7984782\" data-element_type=\"section\" data-e-type=\"section\">\n\t\t\t\t\t\t<div class=\"elementor-container elementor-column-gap-default\">\n\t\t\t\t\t<div class=\"elementor-column elementor-col-100 elementor-top-column elementor-element elementor-element-564b5ca\" data-id=\"564b5ca\" data-element_type=\"column\" data-e-type=\"column\">\n\t\t\t<div class=\"elementor-widget-wrap elementor-element-populated\">\n\t\t\t\t\t\t<div class=\"elementor-element elementor-element-ff3ce3e elementor-widget elementor-widget-text-editor\" data-id=\"ff3ce3e\" data-element_type=\"widget\" data-e-type=\"widget\" data-widget_type=\"text-editor.default\">\n\t\t\t\t<div class=\"elementor-widget-container\">\n\t\t\t\t\t\t\t\t\t<h1><strong>AGB &#8211; Allgemeine Gesch\u00e4ftsbedingungen<\/strong><\/h1><p>Pascal Gruber | AGB | letzte Aktualisierung 05.06.2025<\/p><p>Offenlegung gem. \u00a75 ECG:<\/p><p>Pascal Gruber<br \/>Obere Schmiedestra\u00dfe 63<br \/>3340 Waidhofen an der Ybbs<br \/>\u00d6sterreich<br \/>UID-Number: ATU80148626<br \/>0043 670 280 45 79<br \/>info@roxs.at<\/p><p><strong>\u00a7 1. Allgemeines<\/strong><\/p><p>Diese Allgemeinen Gesch\u00e4ftsbedingungen (in der Folge &#8222;AGB&#8220;) gelten f\u00fcr alle Vertr\u00e4ge und Leistungen (Dienstleistungen, Verkauf von Waren, Vertragsanbahnungen etc.) zwischen Pascal Gruber (K\u00fcnstlername RoxS), Adresse: Obere Schmiedestra\u00dfe 63, 3340 Waidhofen an der Ybbs, Webseite: www.roxs.at und Emailadresse: info@roxs.at\/roxs.artist@gmail.com (in der Folge &#8222;Dienstleister&#8220;) und seinem Kunden. Rechtsgesch\u00e4fte zwischen Dienstleister und dem Kunden, die nicht unter diese AGB fallen sollen, bed\u00fcrfen einer schriftlichen Individualvereinbarung. M\u00fcndliche Nebenabreden sind unwirksam. Andere AGB finden keine Anwendung.<\/p><p><strong>\u00a7 2. Vertragsabschluss und Terminvereinbarung<\/strong><\/p><p>2.1. Allf\u00e4llige Leistungsbeschreibungen sowie die Bewerbung von Dienstleistungen und Produkten (im Atelier, in Werbeprospekten, auf der Webseite, auf social media, etc.) sind unverbindlich und freibleibend, dh sie stellen eine Aufforderung an den Kunden dar, eine Anfrage zu unterbreiten. Der Dienstleister kann Anfragen (insb. zu Projekten, Terminvereinbarungen, Besichtigungen) ohne Angabe von Gr\u00fcnden annehmen oder ablehnen. Anfragen k\u00f6nnen telefonisch, per Email, online oder pers\u00f6nlich gestellt werden.<\/p><p>2.2. Anfragen werden vom Dienstleister durch \u00dcbersenden einer Best\u00e4tigungs-SMS, Best\u00e4tigungs-E-Mail oder ausdr\u00fccklicher pers\u00f6nlicher Zusage angenommen.<\/p><p>2.3. Nach Annahme einer Anfrage vom Dienstleister stellt dieser einen unverbindlichen Kostenvoranschlag zur Verf\u00fcgung. Bis zu diesem Zeitpunkt fallen f\u00fcr den Kunden keine Kosten an. Sobald der Kunde den Kostenvoranschlag annimmt und den Dienstleister mit dem gew\u00fcnschten Projekt beauftragt, werden ab diesen Zeitpunkt alle erbrachten Leistungen in Rechnung gestellt.<\/p><p><strong>\u00a7 3. Terminverschiebungen, Stornierungen, verst\u00e4tetes Erscheinen zum vereinbarten Termin, Entsch\u00e4digung von Kosten\/Leistungen bei Stornierung\/nicht Zustandenkommen des Projektes<\/strong><\/p><p>3.1. Vereinbarte Termine sind verbindlich und wahrzunehmen. Kann ein vereinbarter Termin vom Kunden nicht eingehalten werden, ist ein Absage oder Verschiebunge nur nach Ma\u00dfgabe nachstehnder Regelugen m\u00f6glich.<\/p><p>3.2. Eine kostenfreie Terminverschiebung oder -absage (Stornierung) ist bis 5 Tage vor dem Termin m\u00f6glich, wobei Samstage und Sonntag nicht zu z\u00e4hlen sind. Erfolgt die Terminverschiebung oder -absage nach diesem Zeitpunkt aber zumindest bis 24 Stunden vor dem vereinbarten Termin, kann der Dienstleister eine Stornogeb\u00fchr von 40% (Nettopreis) des vereinbarten Entgelts in Rechnung stellen. Bei noch sp\u00e4teren Terminverschiebungen und -absagen oder f\u00fcr den Fall, dass der Kunde den vereinbarten Termin nicht wahrnimmt, stellt der Dienstleister das gesamte Entgelt in Rechnung. Ein Anspruch auf Ersatzleistung seitens des Kunden besteht nicht.<\/p><p>3.3. F\u00fcr eine vom Kunden gew\u00fcnschte K\u00fcrzung\/Verminderung der vereinbarten Dienstleistung kann keine entgeltliche R\u00fcckverg\u00fctung\/Rabatt gew\u00e4hrt werden.<\/p><p>3.4. Kann der Dienstleister aus f\u00fcr ihn nicht zu vertretenden Gr\u00fcnden oder h\u00f6herer Gewalt einen Termin nicht einhalten, wird der Kunde umgehend in Kenntnis gesetzt, sofern die hinterlegten Kontaktdaten eine zeitnahe Kontaktaufnahme erm\u00f6glichen. Der Dienstleister ist jederzeit berechtigt, den Termin kurzfristig zu verschieben oder vom Vertrag zur\u00fcck zu treten.<\/p><p>3.4. Entscheidet sich der Kunde, nach Anfertigen eines Entwurfes vom Dienstleister, aber vor Realisierung des Projektes gegen eine Umsetzung, werden alle bis dahin erbrachten Leistungen in Rechnung gestellt (z.B. Entwurf, schon bezahlte Hotelkosten, etc.). Die Pauschalkosten von der Anfertigung eines Entwurfes (inklusive 2 Revisionen) belaufen sich auf 250,00\u20ac (netto).<\/p><p><strong>\u00a7 4. Preise und Zahlungsmodalit\u00e4ten<\/strong><\/p><p>4.1. Alle Preise richten sich nach dem im Zeitpunkt der Leistungserbringung geltenden Kostenvoranschlages.<\/p><p>4.2. Das Entgelt f\u00fcr die vom Kunden in Anspruch genommene Leistung ist nach Erbringung durch den Dienstleister sofort zur Zahlung f\u00e4llig. Das Entgelt kann per Barzahlung oder Bank\u00fcberweisung beglichen werden.<\/p><p>4.3. Wird das Entgelt per Bank\u00fcberweisung beglichen hat ein Zahlungseingang binnen 14 Tage (Samstage und Sonntage ausgeschlossen) nach Fertigstellung der erbrachten Leistung auf das Konto des Dienstleisters zu erfolgen. Wird diese Frist nicht eingeahlten kann der Dienstleister eine Mahngeb\u00fchr in H\u00f6he von 5% des zu erbringenden (Netto-)Betrages in Rechnung stellen.<\/p><p>4.4. Eine R\u00fcckverg\u00fctung von im Voraus bezahlten Leistungen (Gutscheinen) ist nicht m\u00f6glich.<\/p><p><strong>\u00a7 5. Vorbereitung Untergrund<\/strong><\/p><p>Die Verantwortung f\u00fcr die fachgerechte Vorbereitung oder Aufbereitung des Untergrundes, auf dem das Kunstwerk angebracht werden soll, liegt beim Kunden.<br \/>Auf Wunsch kann der Dienstleister mit der Vorbereitung des Untergrundes beauftragt werden. Es wird jedoch ausdr\u00fccklich darauf hingewiesen, dass der Dienstleister kein Fachbetrieb ist und daher keine Haftung f\u00fcr die Tragf\u00e4higkeit oder den dauerhaften Halt des Kunstwerks auf dem gew\u00e4hlten Untergrund \u00fcbernimmt.<\/p><p><strong>\u00a7 6. Sachbesch\u00e4digung<\/strong><\/p><p>die Haftung des Dienstleisters f\u00fcr eine Sachbesch\u00e4digung im Zuge der Dienstleistungserbringung (z.B. an B\u00f6den\/ W\u00e4nden\/ Fenstern\/ etc. des Kunden durch Farbe, Feinstaub oder \u00e4hnliche Verunreinigungen etc.) beschr\u00e4nken sich auf grobe Fahrl\u00e4ssigkeit und vors\u00e4tzliche Handlungen.<\/p><p><strong>\u00a7 7. Ausschluss von Gew\u00e4hrleistung \/ Wartungspflichten<\/strong><\/p><p>7.1 F\u00fcr die k\u00fcnstlerische Ausf\u00fchrung \u00fcbernimmt der Dienstleister keine Garantie, sofern hierzu keine abweichende Regelung im Vertrag getroffen wurde. Eine Verpflichtung zur Wartung des Kunstwerks besteht nicht, es sei denn, diese wurde ausdr\u00fccklich und separat vereinbart.<\/p><p>7.2 Normale Abnutzung oder altersbedingte Ver\u00e4nderungen &#8211; insbesondere solche durch Witterungseinfl\u00fcsse oder den \u00fcblichen Gebrauch &#8211; stellen keine M\u00e4ngel dar und begr\u00fcnden keine Anspr\u00fcche gegen\u00fcber den Dienstleister.<\/p><p><strong>\u00a7 8. Pr\u00fcfung des Kunstwerks und Meldung von M\u00e4ngeln<\/strong><\/p><p>Nach Fertigstellung des Kunstwerks\/des Wandbildes ist der Kunde verpflichtet, es umgehend auf etwaige Qualit\u00e4tsm\u00e4ngel zu pr\u00fcfen. Sollte es Beanspruchungen geben, sind diese innerhalb von 14 Werktagen (ab Rechnungsdatum) schriftlich mitzuteilen. Erfolgt keine fristgerechte Mitteilung, k\u00f6nnen Gew\u00e4hrleistungsanspr\u00fcche nicht mehr geltend gemacht werden.<\/p><p><strong>\u00a7 9. Eigentumsvorbehalt<\/strong><\/p><p>Der Dienstleister beh\u00e4lt sich das Eigentum an den Verkaufswaren bis zu deren vollst\u00e4ndiger Bezahlung vor.<\/p><p><strong>\u00a7 10. Entw\u00fcrfe<\/strong><\/p><p>10.1. Wenn der Kostenvoranschlag vom Kunden angenommen wird, beginnt der Dienstleister einen Entwurf zu zeichnen. Ab diesem Zeitpunkt fallen f\u00fcr den Kunden Kosten an. Ist laut Kostenvoranschlag ein Entwurf inkludiert sind diese Kosten mit eingerechnet.<\/p><p>10.2. Beim Zeichnen von einem Entwurf sind zwei Revisionen\/\u00dcberarbeitungen inkludiert. Sollten mehr Revisionen\/\u00dcberarbeitungen notwendig sein, fallen Mehrkosten f\u00fcr den Kunden an. Die Mehrkosten pro Revision\/\u00dcberarbeitung belaufen sich auf je 80,00\u20ac (netto).<\/p><p>10.3. Die Entw\u00fcrfe bleiben, auch bis nach Fertigstellung des eigentlichen Produktes, Eigentum vom Dienstleister. Das Urheberrecht und die Nutzungsrechte liegen beim Dienstleister. Vervielf\u00e4ltigungen und Publikationen (online sowie analog) vom Entwurf sind dem Kunden nicht gestattet.<\/p><p><strong>\u00a7 11. Anzahlungen<\/strong><\/p><p>11.1. Bei internationalen Projekten (Projekte au\u00dferhalb von \u00d6sterreich) ist der Kunde verpflichtet dem Dienstleister eine Anzahlung in H\u00f6he von 50% vom (netto) Kostenvoranschlag anzuzahlen. Dieser Betrag hat 14 Tage (einschlie\u00dflich Samstag &amp; Sonntage) auf das Konto des Dienstleisters einzugehen. Nach Beendigung des Projektes wird die Anzahlung dem noch offenen Betrag gegengerechnet. Der Restbetrag ist laut \u00a74 zu begleichen.<\/p><p>11.2. Bei Projekten mit einer Anreise von \u00fcber 200km (innerhalb von \u00d6sterreich) vom Heimatort (3340 Waidhofen an der Ybbs) ist der Kunden verpflichtet dem Dienstleister eine Anzahlung in H\u00f6he von 50% vom (netto) Kostenvoranschlag anzuzahlen. Dieser Betrag hat 14 Tage (einschlie\u00dflich Samstag &amp; Sonntage) auf das Konto des Dienstleisters einzugehen. Nach Beendigung des Projektes wird die Anzahlung dem noch offenen Betrag gegengerechnet. Der Restbetrag ist laut \u00a74 zu begleichen.<\/p><p><strong>\u00a7 12. Datenschutz<\/strong><\/p><p>Bitte beachten Sie unsere Datenschutzinformationen unter https:\/\/roxs.at\/datenschutz\/.<\/p><p><strong>\u00a7 13. Haftung, Versicherung und Verhaltensregeln (bei Kunstprojekten\/Workshops)<\/strong><\/p><p>13.1. Bei Kunstprojekten (z.B. Workshops) haftet der Dienstleister nur f\u00fcr Sch\u00e4den, die durch Vorsatz oder grobe Fahrl\u00e4ssigkeit verursacht wurden.<\/p><p>13.2. Die Dienstnehmer (z.B. Teilnehmer bei Workshops) sind dazu verpflichtet durch einen Erziehungsberechtigten, Haupt- und Haftpflicht, versichert zu sein. Die Dienstnehmer sind w\u00e4hrend der Kunstprojekte (z.B. Workshops) und auf dem Weg zu dem jeweiligen Veranstaltungsorten (Hin- und R\u00fcckweg) nicht durch den Dienstleister Kranken-, Unfall- oder haftpflichtversichert.<\/p><p>13.3. Sollten w\u00e4hrend eines Kunstprojektes (z.B. Workshops) pers\u00f6nliche (Wert-)Gegenst\u00e4nde der Dienstnehmer verunreinigt\/besch\u00e4digt werden \u00fcbernimmt der Dienstleister keine Haftung daf\u00fcr.<\/p><p>13.4. Bei Kunstprojekten (z.B. Workshops) sind die Dienstnehmer dazu verpflichtet sich respektvoll und h\u00f6flich zu benehmen. Bei Verst\u00f6\u00dfen und bei nicht zumutbaren Verhalten der Dienstnehmer ist es dem Dienstleister jederzeit gestattet Dienstnehmer vom Projekt auszuschlie\u00dfen. Eine R\u00fcckerstattung von geleisteten Kosten an den Dienstnehmer ist in diesem Fall nicht m\u00f6glich.<\/p><p><strong>\u00a7 14. Sonstiges<\/strong><\/p><p>Sofern eine oder mehrere in diesem AGB enthaltene Bestimmungen nichtig oder unwirksam sein sollten oder eine Wirksamkeit durch sp\u00e4tere Umst\u00e4nde verlieren, wird hierdurch die G\u00fcltigkeit der \u00fcbrigen Bestimmungen nicht ber\u00fchrt. Die Vertragsparteien verpflichten sich f\u00fcr diesen Fall, den Vertrag durch eine dem rechtlichen und wirtschaftlichen Zweck der ung\u00fcltigen oder unvollst\u00e4ndigen Bestimmungen entsprechend wirksam zu erg\u00e4nzen.<\/p><p>\u00c4nderungen dieser Vereinbarung bed\u00fcrfen der Schriftform.\u00a0<\/p>\t\t\t\t\t\t\t\t<\/div>\n\t\t\t\t<\/div>\n\t\t\t\t\t<\/div>\n\t\t<\/div>\n\t\t\t\t\t<\/div>\n\t\t<\/section>\n\t\t\t\t<section class=\"elementor-section elementor-top-section elementor-element elementor-element-38c2883 elementor-section-content-middle elementor-section-boxed elementor-section-height-default elementor-section-height-default elementor-invisible\" data-id=\"38c2883\" data-element_type=\"section\" data-e-type=\"section\" data-settings=\"{&quot;background_background&quot;:&quot;classic&quot;,&quot;animation&quot;:&quot;fadeInUp&quot;}\">\n\t\t\t\t\t\t\t<div class=\"elementor-background-overlay\"><\/div>\n\t\t\t\t\t\t\t<div class=\"elementor-container elementor-column-gap-extended\">\n\t\t\t\t\t<div class=\"elementor-column elementor-col-33 elementor-top-column elementor-element elementor-element-62c2aa9\" data-id=\"62c2aa9\" data-element_type=\"column\" data-e-type=\"column\">\n\t\t\t<div class=\"elementor-widget-wrap elementor-element-populated\">\n\t\t\t\t\t\t<div class=\"elementor-element elementor-element-77f3d65 elementor-invisible elementor-widget elementor-widget-heading\" data-id=\"77f3d65\" data-element_type=\"widget\" data-e-type=\"widget\" data-settings=\"{&quot;_animation&quot;:&quot;fadeIn&quot;}\" data-widget_type=\"heading.default\">\n\t\t\t\t<div class=\"elementor-widget-container\">\n\t\t\t\t\t<h1 class=\"elementor-heading-title elementor-size-xl\">CONTACT<\/h1>\t\t\t\t<\/div>\n\t\t\t\t<\/div>\n\t\t\t\t<div class=\"elementor-element elementor-element-dfa6219 elementor-widget-divider--view-line elementor-invisible elementor-widget elementor-widget-divider\" data-id=\"dfa6219\" data-element_type=\"widget\" data-e-type=\"widget\" data-settings=\"{&quot;_animation&quot;:&quot;fadeInUp&quot;}\" data-widget_type=\"divider.default\">\n\t\t\t\t<div class=\"elementor-widget-container\">\n\t\t\t\t\t\t\t<div class=\"elementor-divider\">\n\t\t\t<span class=\"elementor-divider-separator\">\n\t\t\t\t\t\t<\/span>\n\t\t<\/div>\n\t\t\t\t\t\t<\/div>\n\t\t\t\t<\/div>\n\t\t\t\t<div class=\"elementor-element elementor-element-3d265d2 elementor-invisible elementor-widget elementor-widget-text-editor\" data-id=\"3d265d2\" data-element_type=\"widget\" data-e-type=\"widget\" data-settings=\"{&quot;_animation&quot;:&quot;fadeIn&quot;}\" data-widget_type=\"text-editor.default\">\n\t\t\t\t<div class=\"elementor-widget-container\">\n\t\t\t\t\t\t\t\t\t<p>ROXS<br \/>Pascal Gruber<br \/>3340 Waidhofen\/Ybbs<br \/>Austria<\/p>\t\t\t\t\t\t\t\t<\/div>\n\t\t\t\t<\/div>\n\t\t\t\t<div class=\"elementor-element elementor-element-4f90d35 elementor-widget elementor-widget-text-editor\" data-id=\"4f90d35\" data-element_type=\"widget\" data-e-type=\"widget\" data-widget_type=\"text-editor.default\">\n\t\t\t\t<div class=\"elementor-widget-container\">\n\t\t\t\t\t\t\t\t\t<p>Email:<br \/>info@roxs.at<\/p>\t\t\t\t\t\t\t\t<\/div>\n\t\t\t\t<\/div>\n\t\t\t\t\t<\/div>\n\t\t<\/div>\n\t\t\t\t<div class=\"elementor-column elementor-col-33 elementor-top-column elementor-element elementor-element-fdcdc31\" data-id=\"fdcdc31\" data-element_type=\"column\" data-e-type=\"column\">\n\t\t\t<div class=\"elementor-widget-wrap elementor-element-populated\">\n\t\t\t\t\t\t<div class=\"elementor-element elementor-element-cf37cef elementor-invisible elementor-widget elementor-widget-heading\" data-id=\"cf37cef\" data-element_type=\"widget\" data-e-type=\"widget\" data-settings=\"{&quot;_animation&quot;:&quot;fadeIn&quot;}\" data-widget_type=\"heading.default\">\n\t\t\t\t<div class=\"elementor-widget-container\">\n\t\t\t\t\t<h1 class=\"elementor-heading-title elementor-size-xl\">LINKS<\/h1>\t\t\t\t<\/div>\n\t\t\t\t<\/div>\n\t\t\t\t<div class=\"elementor-element elementor-element-1000344 elementor-widget-divider--view-line elementor-invisible elementor-widget elementor-widget-divider\" data-id=\"1000344\" data-element_type=\"widget\" data-e-type=\"widget\" data-settings=\"{&quot;_animation&quot;:&quot;fadeInUp&quot;}\" data-widget_type=\"divider.default\">\n\t\t\t\t<div class=\"elementor-widget-container\">\n\t\t\t\t\t\t\t<div class=\"elementor-divider\">\n\t\t\t<span class=\"elementor-divider-separator\">\n\t\t\t\t\t\t<\/span>\n\t\t<\/div>\n\t\t\t\t\t\t<\/div>\n\t\t\t\t<\/div>\n\t\t\t\t<div class=\"elementor-element elementor-element-b605bcd elementor-align-start elementor-icon-list--layout-traditional elementor-list-item-link-full_width elementor-widget elementor-widget-icon-list\" data-id=\"b605bcd\" data-element_type=\"widget\" data-e-type=\"widget\" data-widget_type=\"icon-list.default\">\n\t\t\t\t<div class=\"elementor-widget-container\">\n\t\t\t\t\t\t\t<ul class=\"elementor-icon-list-items\">\n\t\t\t\t\t\t\t<li class=\"elementor-icon-list-item\">\n\t\t\t\t\t\t\t\t\t\t\t<a href=\"https:\/\/roxs.at\/en\/impressum\/\">\n\n\t\t\t\t\t\t\t\t\t\t\t\t<span class=\"elementor-icon-list-icon\">\n\t\t\t\t\t\t\t<i aria-hidden=\"true\" class=\"fas fa-long-arrow-alt-right\"><\/i>\t\t\t\t\t\t<\/span>\n\t\t\t\t\t\t\t\t\t\t<span class=\"elementor-icon-list-text\">Imprint<\/span>\n\t\t\t\t\t\t\t\t\t\t\t<\/a>\n\t\t\t\t\t\t\t\t\t<\/li>\n\t\t\t\t\t\t\t\t<li class=\"elementor-icon-list-item\">\n\t\t\t\t\t\t\t\t\t\t\t<a href=\"https:\/\/roxs.at\/en\/datenschutz\/\">\n\n\t\t\t\t\t\t\t\t\t\t\t\t<span class=\"elementor-icon-list-icon\">\n\t\t\t\t\t\t\t<i aria-hidden=\"true\" class=\"fas fa-long-arrow-alt-right\"><\/i>\t\t\t\t\t\t<\/span>\n\t\t\t\t\t\t\t\t\t\t<span class=\"elementor-icon-list-text\">Data privacy<\/span>\n\t\t\t\t\t\t\t\t\t\t\t<\/a>\n\t\t\t\t\t\t\t\t\t<\/li>\n\t\t\t\t\t\t\t\t<li class=\"elementor-icon-list-item\">\n\t\t\t\t\t\t\t\t\t\t\t<a href=\"https:\/\/roxs.at\/en\/cookie-richtlinie-eu-2\/\">\n\n\t\t\t\t\t\t\t\t\t\t\t\t<span class=\"elementor-icon-list-icon\">\n\t\t\t\t\t\t\t<i aria-hidden=\"true\" class=\"fas fa-long-arrow-alt-right\"><\/i>\t\t\t\t\t\t<\/span>\n\t\t\t\t\t\t\t\t\t\t<span class=\"elementor-icon-list-text\">Cookie Directive (EU)<\/span>\n\t\t\t\t\t\t\t\t\t\t\t<\/a>\n\t\t\t\t\t\t\t\t\t<\/li>\n\t\t\t\t\t\t\t\t<li class=\"elementor-icon-list-item\">\n\t\t\t\t\t\t\t\t\t\t\t<a href=\"https:\/\/roxs.at\/en\/agb\/\">\n\n\t\t\t\t\t\t\t\t\t\t\t\t<span class=\"elementor-icon-list-icon\">\n\t\t\t\t\t\t\t<i aria-hidden=\"true\" class=\"fas fa-long-arrow-alt-right\"><\/i>\t\t\t\t\t\t<\/span>\n\t\t\t\t\t\t\t\t\t\t<span class=\"elementor-icon-list-text\">General Terms and Conditions &amp; Cancellation Policy<\/span>\n\t\t\t\t\t\t\t\t\t\t\t<\/a>\n\t\t\t\t\t\t\t\t\t<\/li>\n\t\t\t\t\t\t\t\t<li class=\"elementor-icon-list-item\">\n\t\t\t\t\t\t\t\t\t\t\t<a href=\"https:\/\/roxs.at\/en\/presse\/\">\n\n\t\t\t\t\t\t\t\t\t\t\t\t<span class=\"elementor-icon-list-icon\">\n\t\t\t\t\t\t\t<i aria-hidden=\"true\" class=\"fas fa-long-arrow-alt-right\"><\/i>\t\t\t\t\t\t<\/span>\n\t\t\t\t\t\t\t\t\t\t<span class=\"elementor-icon-list-text\">Press<\/span>\n\t\t\t\t\t\t\t\t\t\t\t<\/a>\n\t\t\t\t\t\t\t\t\t<\/li>\n\t\t\t\t\t\t<\/ul>\n\t\t\t\t\t\t<\/div>\n\t\t\t\t<\/div>\n\t\t\t\t\t<\/div>\n\t\t<\/div>\n\t\t\t\t<div class=\"elementor-column elementor-col-33 elementor-top-column elementor-element elementor-element-26060b0\" data-id=\"26060b0\" data-element_type=\"column\" data-e-type=\"column\">\n\t\t\t<div class=\"elementor-widget-wrap elementor-element-populated\">\n\t\t\t\t\t\t<div class=\"elementor-element elementor-element-2b84b17 elementor-invisible elementor-widget elementor-widget-heading\" data-id=\"2b84b17\" data-element_type=\"widget\" data-e-type=\"widget\" data-settings=\"{&quot;_animation&quot;:&quot;fadeIn&quot;}\" data-widget_type=\"heading.default\">\n\t\t\t\t<div class=\"elementor-widget-container\">\n\t\t\t\t\t<h5 class=\"elementor-heading-title elementor-size-medium\">Connect<\/h5>\t\t\t\t<\/div>\n\t\t\t\t<\/div>\n\t\t\t\t<div class=\"elementor-element elementor-element-d8949ba elementor-widget-divider--view-line elementor-invisible elementor-widget elementor-widget-divider\" data-id=\"d8949ba\" data-element_type=\"widget\" data-e-type=\"widget\" data-settings=\"{&quot;_animation&quot;:&quot;fadeInUp&quot;}\" data-widget_type=\"divider.default\">\n\t\t\t\t<div class=\"elementor-widget-container\">\n\t\t\t\t\t\t\t<div class=\"elementor-divider\">\n\t\t\t<span class=\"elementor-divider-separator\">\n\t\t\t\t\t\t<\/span>\n\t\t<\/div>\n\t\t\t\t\t\t<\/div>\n\t\t\t\t<\/div>\n\t\t\t\t<div class=\"elementor-element elementor-element-4029b16 elementor-shape-circle e-grid-align-left elementor-grid-tablet-0 e-grid-align-tablet-left e-grid-align-mobile-center elementor-grid-0 elementor-widget elementor-widget-social-icons\" data-id=\"4029b16\" data-element_type=\"widget\" data-e-type=\"widget\" data-widget_type=\"social-icons.default\">\n\t\t\t\t<div class=\"elementor-widget-container\">\n\t\t\t\t\t\t\t<div class=\"elementor-social-icons-wrapper elementor-grid\" role=\"list\">\n\t\t\t\t\t\t\t<span class=\"elementor-grid-item\" role=\"listitem\">\n\t\t\t\t\t<a class=\"elementor-icon elementor-social-icon elementor-social-icon-instagram elementor-animation-grow elementor-repeater-item-24da18a\" href=\"https:\/\/www.instagram.com\/roxs_love\/\" target=\"_blank\">\n\t\t\t\t\t\t<span class=\"elementor-screen-only\">Instagram<\/span>\n\t\t\t\t\t\t<i aria-hidden=\"true\" class=\"fab fa-instagram\"><\/i>\t\t\t\t\t<\/a>\n\t\t\t\t<\/span>\n\t\t\t\t\t\t\t<span class=\"elementor-grid-item\" role=\"listitem\">\n\t\t\t\t\t<a class=\"elementor-icon elementor-social-icon elementor-social-icon-youtube elementor-animation-grow elementor-repeater-item-6fa5ff7\" href=\"https:\/\/www.youtube.com\/channel\/UC6FT5rprums4lMQ67-fDkRA\" target=\"_blank\">\n\t\t\t\t\t\t<span class=\"elementor-screen-only\">Youtube<\/span>\n\t\t\t\t\t\t<i aria-hidden=\"true\" class=\"fab fa-youtube\"><\/i>\t\t\t\t\t<\/a>\n\t\t\t\t<\/span>\n\t\t\t\t\t<\/div>\n\t\t\t\t\t\t<\/div>\n\t\t\t\t<\/div>\n\t\t\t\t\t<\/div>\n\t\t<\/div>\n\t\t\t\t\t<\/div>\n\t\t<\/section>\n\t\t\t\t<\/div>","protected":false},"excerpt":{"rendered":"<p>AGB &#8211; Allgemeine Gesch\u00e4ftsbedingungen Pascal Gruber | AGB | letzte Aktualisierung 05.06.2025 Offenlegung gem. \u00a75 ECG: Pascal GruberObere Schmiedestra\u00dfe 633340 Waidhofen an der Ybbs\u00d6sterreichUID-Nummer: ATU801486260043 670 280 45 79info@roxs.at \u00a7 1. Allgemeines Diese Allgemeinen Gesch\u00e4ftsbedingungen (in der Folge &#8222;AGB&#8220;) gelten f\u00fcr alle Vertr\u00e4ge und Leistungen (Dienstleistungen, Verkauf von Waren, Vertragsanbahnungen etc.) zwischen Pascal Gruber (K\u00fcnstlername [&hellip;]<\/p>\n","protected":false},"author":1,"featured_media":0,"parent":0,"menu_order":0,"comment_status":"closed","ping_status":"closed","template":"","meta":{"ocean_post_layout":"full-screen","ocean_both_sidebars_style":"","ocean_both_sidebars_content_width":0,"ocean_both_sidebars_sidebars_width":0,"ocean_sidebar":"0","ocean_second_sidebar":"0","ocean_disable_margins":"enable","ocean_add_body_class":"","ocean_shortcode_before_top_bar":"","ocean_shortcode_after_top_bar":"","ocean_shortcode_before_header":"","ocean_shortcode_after_header":"","ocean_has_shortcode":"","ocean_shortcode_after_title":"","ocean_shortcode_before_footer_widgets":"","ocean_shortcode_after_footer_widgets":"","ocean_shortcode_before_footer_bottom":"","ocean_shortcode_after_footer_bottom":"","ocean_display_top_bar":"off","ocean_display_header":"default","ocean_header_style":"","ocean_center_header_left_menu":"0","ocean_custom_header_template":"0","ocean_custom_logo":0,"ocean_custom_retina_logo":0,"ocean_custom_logo_max_width":0,"ocean_custom_logo_tablet_max_width":0,"ocean_custom_logo_mobile_max_width":0,"ocean_custom_logo_max_height":0,"ocean_custom_logo_tablet_max_height":0,"ocean_custom_logo_mobile_max_height":0,"ocean_header_custom_menu":"0","ocean_menu_typo_font_family":"0","ocean_menu_typo_font_subset":"","ocean_menu_typo_font_size":0,"ocean_menu_typo_font_size_tablet":0,"ocean_menu_typo_font_size_mobile":0,"ocean_menu_typo_font_size_unit":"px","ocean_menu_typo_font_weight":"","ocean_menu_typo_font_weight_tablet":"","ocean_menu_typo_font_weight_mobile":"","ocean_menu_typo_transform":"","ocean_menu_typo_transform_tablet":"","ocean_menu_typo_transform_mobile":"","ocean_menu_typo_line_height":0,"ocean_menu_typo_line_height_tablet":0,"ocean_menu_typo_line_height_mobile":0,"ocean_menu_typo_line_height_unit":"","ocean_menu_typo_spacing":0,"ocean_menu_typo_spacing_tablet":0,"ocean_menu_typo_spacing_mobile":0,"ocean_menu_typo_spacing_unit":"","ocean_menu_link_color":"","ocean_menu_link_color_hover":"","ocean_menu_link_color_active":"","ocean_menu_link_background":"","ocean_menu_link_hover_background":"","ocean_menu_link_active_background":"","ocean_menu_social_links_bg":"","ocean_menu_social_hover_links_bg":"","ocean_menu_social_links_color":"","ocean_menu_social_hover_links_color":"","ocean_disable_title":"on","ocean_disable_heading":"default","ocean_post_title":"","ocean_post_subheading":"","ocean_post_title_style":"","ocean_post_title_background_color":"","ocean_post_title_background":0,"ocean_post_title_bg_image_position":"","ocean_post_title_bg_image_attachment":"","ocean_post_title_bg_image_repeat":"","ocean_post_title_bg_image_size":"","ocean_post_title_height":0,"ocean_post_title_bg_overlay":0.5,"ocean_post_title_bg_overlay_color":"","ocean_disable_breadcrumbs":"default","ocean_breadcrumbs_color":"","ocean_breadcrumbs_separator_color":"","ocean_breadcrumbs_links_color":"","ocean_breadcrumbs_links_hover_color":"","ocean_display_footer_widgets":"off","ocean_display_footer_bottom":"off","ocean_custom_footer_template":"0","footnotes":""},"class_list":["post-1738","page","type-page","status-publish","hentry","entry"],"aioseo_notices":[],"_links":{"self":[{"href":"https:\/\/roxs.at\/en\/wp-json\/wp\/v2\/pages\/1738","targetHints":{"allow":["GET"]}}],"collection":[{"href":"https:\/\/roxs.at\/en\/wp-json\/wp\/v2\/pages"}],"about":[{"href":"https:\/\/roxs.at\/en\/wp-json\/wp\/v2\/types\/page"}],"author":[{"embeddable":true,"href":"https:\/\/roxs.at\/en\/wp-json\/wp\/v2\/users\/1"}],"replies":[{"embeddable":true,"href":"https:\/\/roxs.at\/en\/wp-json\/wp\/v2\/comments?post=1738"}],"version-history":[{"count":92,"href":"https:\/\/roxs.at\/en\/wp-json\/wp\/v2\/pages\/1738\/revisions"}],"predecessor-version":[{"id":3547,"href":"https:\/\/roxs.at\/en\/wp-json\/wp\/v2\/pages\/1738\/revisions\/3547"}],"wp:attachment":[{"href":"https:\/\/roxs.at\/en\/wp-json\/wp\/v2\/media?parent=1738"}],"curies":[{"name":"wp","href":"https:\/\/api.w.org\/{rel}","templated":true}]}}